{"id":1010,"date":"2025-03-18T12:24:49","date_gmt":"2025-03-18T11:24:49","guid":{"rendered":"https:\/\/adwdata.eu\/politica-de-privadesa\/"},"modified":"2025-05-12T09:10:03","modified_gmt":"2025-05-12T07:10:03","slug":"politica-de-privadesa","status":"publish","type":"page","link":"https:\/\/adwdata.eu\/ca\/politica-de-privadesa\/","title":{"rendered":"Pol\u00edtica de privadesa"},"content":{"rendered":"\t\t<div data-elementor-type=\"wp-page\" data-elementor-id=\"1010\" class=\"elementor elementor-1010 elementor-686\" data-elementor-post-type=\"page\">\n\t\t\t\t<div class=\"elementor-element elementor-element-653ac1b e-flex e-con-boxed e-con e-parent\" data-id=\"653ac1b\" data-element_type=\"container\">\n\t\t\t\t\t<div class=\"e-con-inner\">\n\t\t\t\t<div class=\"elementor-element elementor-element-8b8ede4 elementor-widget elementor-widget-heading\" data-id=\"8b8ede4\" data-element_type=\"widget\" data-widget_type=\"heading.default\">\n\t\t\t\t<div class=\"elementor-widget-container\">\n\t\t\t\t\t<h1 class=\"elementor-heading-title elementor-size-default\">POL\u00cdTICA DE PRIVACITAT<\/h1>\t\t\t\t<\/div>\n\t\t\t\t<\/div>\n\t\t\t\t<div class=\"elementor-element elementor-element-09a32cc elementor-widget elementor-widget-text-editor\" data-id=\"09a32cc\" data-element_type=\"widget\" data-widget_type=\"text-editor.default\">\n\t\t\t\t<div class=\"elementor-widget-container\">\n\t\t\t\t\t\t\t\t\t<p>NFORMACI\u00d3 SOBRE EL TRACTAMENT DE DADES PERSONALS<\/p><p>Responsable del tractament: Addwill Partners, SLP (Addwill).<br> Finalitats: Gestionar les vostres dades per poder atendre i donar resposta a la vostra consulta.<br> Legitimaci\u00f3: El consentiment propi de l&#8217;usuari.<br> Destinataris: Tercers amb qu\u00e8 Addwill estigui contractual o legalment obligat a facilitar-los, aix\u00ed com empreses del seu mateix grup en cas que sigui necessari per resoldre la seva consulta.<br> Drets: Accedir, rectificar i suprimir les dades, aix\u00ed com altres drets, com s&#8217;explica a la informaci\u00f3 addicional.<\/p>\t\t\t\t\t\t\t\t<\/div>\n\t\t\t\t<\/div>\n\t\t\t\t\t<\/div>\n\t\t\t\t<\/div>\n\t\t\t\t<\/div>\n\t\t","protected":false},"excerpt":{"rendered":"<p>POL\u00cdTICA DE PRIVACITAT NFORMACI\u00d3 SOBRE EL TRACTAMENT DE DADES PERSONALS Responsable del tractament: Addwill Partners, SLP (Addwill). Finalitats: Gestionar les vostres dades per poder atendre i donar resposta a la vostra consulta. Legitimaci\u00f3: El consentiment propi de l&#8217;usuari. Destinataris: Tercers amb qu\u00e8 Addwill estigui contractual o legalment obligat a facilitar-los, aix\u00ed com empreses del seu [&hellip;]<\/p>\n","protected":false},"author":4,"featured_media":0,"parent":0,"menu_order":0,"comment_status":"closed","ping_status":"closed","template":"","meta":{"footnotes":""},"class_list":["post-1010","page","type-page","status-publish","hentry"],"yoast_head":"<!-- This site is optimized with the Yoast SEO plugin v25.2 - https:\/\/yoast.com\/wordpress\/plugins\/seo\/ -->\n<title>Pol\u00edtica de privadesa - adwdata.eu<\/title>\n<meta name=\"robots\" content=\"index, follow, max-snippet:-1, max-image-preview:large, max-video-preview:-1\" \/>\n<link rel=\"canonical\" href=\"https:\/\/adwdata.eu\/ca\/politica-de-privadesa\/\" \/>\n<meta property=\"og:locale\" content=\"ca_ES\" \/>\n<meta property=\"og:type\" content=\"article\" \/>\n<meta property=\"og:title\" content=\"Pol\u00edtica de privadesa - adwdata.eu\" \/>\n<meta property=\"og:description\" content=\"POL\u00cdTICA DE PRIVACITAT NFORMACI\u00d3 SOBRE EL TRACTAMENT DE DADES PERSONALS Responsable del tractament: Addwill Partners, SLP (Addwill). Finalitats: Gestionar les vostres dades per poder atendre i donar resposta a la vostra consulta. Legitimaci\u00f3: El consentiment propi de l&#8217;usuari. Destinataris: Tercers amb qu\u00e8 Addwill estigui contractual o legalment obligat a facilitar-los, aix\u00ed com empreses del seu [&hellip;]\" \/>\n<meta property=\"og:url\" content=\"https:\/\/adwdata.eu\/ca\/politica-de-privadesa\/\" \/>\n<meta property=\"og:site_name\" content=\"adwdata.eu\" \/>\n<meta property=\"article:modified_time\" content=\"2025-05-12T07:10:03+00:00\" \/>\n<meta name=\"twitter:card\" content=\"summary_large_image\" \/>\n<script type=\"application\/ld+json\" class=\"yoast-schema-graph\">{\"@context\":\"https:\/\/schema.org\",\"@graph\":[{\"@type\":\"WebPage\",\"@id\":\"https:\/\/adwdata.eu\/ca\/politica-de-privadesa\/\",\"url\":\"https:\/\/adwdata.eu\/ca\/politica-de-privadesa\/\",\"name\":\"Pol\u00edtica de privadesa - adwdata.eu\",\"isPartOf\":{\"@id\":\"https:\/\/adwdata.eu\/ca\/#website\"},\"datePublished\":\"2025-03-18T11:24:49+00:00\",\"dateModified\":\"2025-05-12T07:10:03+00:00\",\"breadcrumb\":{\"@id\":\"https:\/\/adwdata.eu\/ca\/politica-de-privadesa\/#breadcrumb\"},\"inLanguage\":\"ca\",\"potentialAction\":[{\"@type\":\"ReadAction\",\"target\":[\"https:\/\/adwdata.eu\/ca\/politica-de-privadesa\/\"]}]},{\"@type\":\"BreadcrumbList\",\"@id\":\"https:\/\/adwdata.eu\/ca\/politica-de-privadesa\/#breadcrumb\",\"itemListElement\":[{\"@type\":\"ListItem\",\"position\":1,\"name\":\"Portada\",\"item\":\"https:\/\/adwdata.eu\/ca\/\"},{\"@type\":\"ListItem\",\"position\":2,\"name\":\"Pol\u00edtica de privadesa\"}]},{\"@type\":\"WebSite\",\"@id\":\"https:\/\/adwdata.eu\/ca\/#website\",\"url\":\"https:\/\/adwdata.eu\/ca\/\",\"name\":\"adwData\",\"description\":\"\",\"publisher\":{\"@id\":\"https:\/\/adwdata.eu\/ca\/#organization\"},\"potentialAction\":[{\"@type\":\"SearchAction\",\"target\":{\"@type\":\"EntryPoint\",\"urlTemplate\":\"https:\/\/adwdata.eu\/ca\/?s={search_term_string}\"},\"query-input\":{\"@type\":\"PropertyValueSpecification\",\"valueRequired\":true,\"valueName\":\"search_term_string\"}}],\"inLanguage\":\"ca\"},{\"@type\":\"Organization\",\"@id\":\"https:\/\/adwdata.eu\/ca\/#organization\",\"name\":\"AdWill\",\"url\":\"https:\/\/adwdata.eu\/ca\/\",\"logo\":{\"@type\":\"ImageObject\",\"inLanguage\":\"ca\",\"@id\":\"https:\/\/adwdata.eu\/ca\/#\/schema\/logo\/image\/\",\"url\":\"https:\/\/adwdata.eu\/wp-content\/uploads\/2024\/11\/logo-footer.png\",\"contentUrl\":\"https:\/\/adwdata.eu\/wp-content\/uploads\/2024\/11\/logo-footer.png\",\"width\":1964,\"height\":585,\"caption\":\"AdWill\"},\"image\":{\"@id\":\"https:\/\/adwdata.eu\/ca\/#\/schema\/logo\/image\/\"}}]}<\/script>\n<!-- \/ Yoast SEO plugin. -->","yoast_head_json":{"title":"Pol\u00edtica de privadesa - adwdata.eu","robots":{"index":"index","follow":"follow","max-snippet":"max-snippet:-1","max-image-preview":"max-image-preview:large","max-video-preview":"max-video-preview:-1"},"canonical":"https:\/\/adwdata.eu\/ca\/politica-de-privadesa\/","og_locale":"ca_ES","og_type":"article","og_title":"Pol\u00edtica de privadesa - adwdata.eu","og_description":"POL\u00cdTICA DE PRIVACITAT NFORMACI\u00d3 SOBRE EL TRACTAMENT DE DADES PERSONALS Responsable del tractament: Addwill Partners, SLP (Addwill). Finalitats: Gestionar les vostres dades per poder atendre i donar resposta a la vostra consulta. Legitimaci\u00f3: El consentiment propi de l&#8217;usuari. Destinataris: Tercers amb qu\u00e8 Addwill estigui contractual o legalment obligat a facilitar-los, aix\u00ed com empreses del seu [&hellip;]","og_url":"https:\/\/adwdata.eu\/ca\/politica-de-privadesa\/","og_site_name":"adwdata.eu","article_modified_time":"2025-05-12T07:10:03+00:00","twitter_card":"summary_large_image","schema":{"@context":"https:\/\/schema.org","@graph":[{"@type":"WebPage","@id":"https:\/\/adwdata.eu\/ca\/politica-de-privadesa\/","url":"https:\/\/adwdata.eu\/ca\/politica-de-privadesa\/","name":"Pol\u00edtica de privadesa - adwdata.eu","isPartOf":{"@id":"https:\/\/adwdata.eu\/ca\/#website"},"datePublished":"2025-03-18T11:24:49+00:00","dateModified":"2025-05-12T07:10:03+00:00","breadcrumb":{"@id":"https:\/\/adwdata.eu\/ca\/politica-de-privadesa\/#breadcrumb"},"inLanguage":"ca","potentialAction":[{"@type":"ReadAction","target":["https:\/\/adwdata.eu\/ca\/politica-de-privadesa\/"]}]},{"@type":"BreadcrumbList","@id":"https:\/\/adwdata.eu\/ca\/politica-de-privadesa\/#breadcrumb","itemListElement":[{"@type":"ListItem","position":1,"name":"Portada","item":"https:\/\/adwdata.eu\/ca\/"},{"@type":"ListItem","position":2,"name":"Pol\u00edtica de privadesa"}]},{"@type":"WebSite","@id":"https:\/\/adwdata.eu\/ca\/#website","url":"https:\/\/adwdata.eu\/ca\/","name":"adwData","description":"","publisher":{"@id":"https:\/\/adwdata.eu\/ca\/#organization"},"potentialAction":[{"@type":"SearchAction","target":{"@type":"EntryPoint","urlTemplate":"https:\/\/adwdata.eu\/ca\/?s={search_term_string}"},"query-input":{"@type":"PropertyValueSpecification","valueRequired":true,"valueName":"search_term_string"}}],"inLanguage":"ca"},{"@type":"Organization","@id":"https:\/\/adwdata.eu\/ca\/#organization","name":"AdWill","url":"https:\/\/adwdata.eu\/ca\/","logo":{"@type":"ImageObject","inLanguage":"ca","@id":"https:\/\/adwdata.eu\/ca\/#\/schema\/logo\/image\/","url":"https:\/\/adwdata.eu\/wp-content\/uploads\/2024\/11\/logo-footer.png","contentUrl":"https:\/\/adwdata.eu\/wp-content\/uploads\/2024\/11\/logo-footer.png","width":1964,"height":585,"caption":"AdWill"},"image":{"@id":"https:\/\/adwdata.eu\/ca\/#\/schema\/logo\/image\/"}}]}},"_links":{"self":[{"href":"https:\/\/adwdata.eu\/ca\/wp-json\/wp\/v2\/pages\/1010","targetHints":{"allow":["GET"]}}],"collection":[{"href":"https:\/\/adwdata.eu\/ca\/wp-json\/wp\/v2\/pages"}],"about":[{"href":"https:\/\/adwdata.eu\/ca\/wp-json\/wp\/v2\/types\/page"}],"author":[{"embeddable":true,"href":"https:\/\/adwdata.eu\/ca\/wp-json\/wp\/v2\/users\/4"}],"replies":[{"embeddable":true,"href":"https:\/\/adwdata.eu\/ca\/wp-json\/wp\/v2\/comments?post=1010"}],"version-history":[{"count":1,"href":"https:\/\/adwdata.eu\/ca\/wp-json\/wp\/v2\/pages\/1010\/revisions"}],"predecessor-version":[{"id":1011,"href":"https:\/\/adwdata.eu\/ca\/wp-json\/wp\/v2\/pages\/1010\/revisions\/1011"}],"wp:attachment":[{"href":"https:\/\/adwdata.eu\/ca\/wp-json\/wp\/v2\/media?parent=1010"}],"curies":[{"name":"wp","href":"https:\/\/api.w.org\/{rel}","templated":true}]}}