{"id":1174,"date":"2024-11-18T12:20:01","date_gmt":"2024-11-18T11:20:01","guid":{"rendered":"https:\/\/adwdata.eu\/contact\/"},"modified":"2025-05-28T15:49:40","modified_gmt":"2025-05-28T13:49:40","slug":"contact","status":"publish","type":"page","link":"https:\/\/adwdata.eu\/fr\/contact\/","title":{"rendered":"Contact"},"content":{"rendered":"\t\t<div data-elementor-type=\"wp-page\" data-elementor-id=\"1174\" class=\"elementor elementor-1174 elementor-176\" data-elementor-post-type=\"page\">\n\t\t\t\t<div class=\"elementor-element elementor-element-f23d980 e-flex e-con-boxed e-con e-parent\" data-id=\"f23d980\" data-element_type=\"container\" data-settings=\"{&quot;background_background&quot;:&quot;classic&quot;}\">\n\t\t\t\t\t<div class=\"e-con-inner\">\n\t\t\t\t<div class=\"elementor-element elementor-element-df4ae93 elementor-widget-mobile__width-initial elementor-widget elementor-widget-heading\" data-id=\"df4ae93\" data-element_type=\"widget\" data-widget_type=\"heading.default\">\n\t\t\t\t<div class=\"elementor-widget-container\">\n\t\t\t\t\t<h1 class=\"elementor-heading-title elementor-size-default\">Nous sommes l\u00e0 pour vous aider<\/h1>\t\t\t\t<\/div>\n\t\t\t\t<\/div>\n\t\t\t\t\t<\/div>\n\t\t\t\t<\/div>\n\t\t<div class=\"elementor-element elementor-element-d1a7e70 e-flex e-con-boxed e-con e-parent\" data-id=\"d1a7e70\" data-element_type=\"container\">\n\t\t\t\t\t<div class=\"e-con-inner\">\n\t\t<div class=\"elementor-element elementor-element-40d3db2 e-con-full e-flex e-con e-child\" data-id=\"40d3db2\" data-element_type=\"container\">\n\t\t\t\t<div class=\"elementor-element elementor-element-651707d elementor-widget elementor-widget-heading\" data-id=\"651707d\" data-element_type=\"widget\" data-widget_type=\"heading.default\">\n\t\t\t\t<div class=\"elementor-widget-container\">\n\t\t\t\t\t<h2 class=\"elementor-heading-title elementor-size-default\">Contactez-nous<\/h2>\t\t\t\t<\/div>\n\t\t\t\t<\/div>\n\t\t\t\t<div class=\"elementor-element elementor-element-c9f0822 elementor-widget elementor-widget-text-editor\" data-id=\"c9f0822\" data-element_type=\"widget\" data-widget_type=\"text-editor.default\">\n\t\t\t\t<div class=\"elementor-widget-container\">\n\t\t\t\t\t\t\t\t\t<p>Vous avez des questions, besoin de conseils ou souhaitez parler de l\u2019int\u00e9gration de cette plateforme \u00e0 votre entreprise ? Parlons-en.<\/p>\t\t\t\t\t\t\t\t<\/div>\n\t\t\t\t<\/div>\n\t\t\t\t<div class=\"elementor-element elementor-element-c186f0c elementor-widget elementor-widget-shortcode\" data-id=\"c186f0c\" data-element_type=\"widget\" data-widget_type=\"shortcode.default\">\n\t\t\t\t<div class=\"elementor-widget-container\">\n\t\t\t\t\t\t\t<div class=\"elementor-shortcode\">\n<div class=\"wpcf7 no-js\" id=\"wpcf7-f1383-o1\" lang=\"fr-FR\" dir=\"ltr\" data-wpcf7-id=\"1383\">\n<div class=\"screen-reader-response\"><p role=\"status\" aria-live=\"polite\" aria-atomic=\"true\"><\/p> <ul><\/ul><\/div>\n<form action=\"\/fr\/wp-json\/wp\/v2\/pages\/1174#wpcf7-f1383-o1\" method=\"post\" class=\"wpcf7-form init\" aria-label=\"Formulaire de contact\" novalidate=\"novalidate\" data-status=\"init\">\n<div style=\"display: none;\">\n<input type=\"hidden\" name=\"_wpcf7\" value=\"1383\" \/>\n<input type=\"hidden\" name=\"_wpcf7_version\" value=\"6.0.6\" \/>\n<input type=\"hidden\" name=\"_wpcf7_locale\" value=\"fr_FR\" \/>\n<input type=\"hidden\" name=\"_wpcf7_unit_tag\" value=\"wpcf7-f1383-o1\" \/>\n<input type=\"hidden\" name=\"_wpcf7_container_post\" value=\"0\" \/>\n<input type=\"hidden\" name=\"_wpcf7_posted_data_hash\" value=\"\" \/>\n<input type=\"hidden\" name=\"_wpcf7_recaptcha_response\" value=\"\" \/>\n<\/div>\n<div class=\"form-contact\">\n\t<div class=\"form-row\">\n\t\t<div class=\"item-1-3\">\n\t\t\t<p><span class=\"wpcf7-form-control-wrap\" data-name=\"nombre\"><input size=\"40\" maxlength=\"400\" class=\"wpcf7-form-control wpcf7-text wpcf7-validates-as-required\" aria-required=\"true\" aria-invalid=\"false\" value=\"Pr\u00e9nom*\" type=\"text\" name=\"nombre\" \/><\/span>\n\t\t\t<\/p>\n\t\t<\/div>\n\t\t<div class=\"item-2-3\">\n\t\t\t<p><span class=\"wpcf7-form-control-wrap\" data-name=\"apellidos\"><input size=\"40\" maxlength=\"400\" class=\"wpcf7-form-control wpcf7-text\" aria-invalid=\"false\" value=\"Nom\" type=\"text\" name=\"apellidos\" \/><\/span>\n\t\t\t<\/p>\n\t\t<\/div>\n\t<\/div>\n\t<div class=\"form-row\">\n\t\t<div class=\"item-1-3\">\n\t\t\t<p><span class=\"wpcf7-form-control-wrap\" data-name=\"telefono\"><input size=\"40\" maxlength=\"400\" class=\"wpcf7-form-control wpcf7-tel wpcf7-validates-as-required wpcf7-text wpcf7-validates-as-tel\" aria-required=\"true\" aria-invalid=\"false\" value=\"T\u00e9l\u00e9phone*\" type=\"tel\" name=\"telefono\" \/><\/span>\n\t\t\t<\/p>\n\t\t<\/div>\n\t\t<div class=\"item-2-3\">\n\t\t\t<p><span class=\"wpcf7-form-control-wrap\" data-name=\"email\"><input size=\"40\" maxlength=\"400\" class=\"wpcf7-form-control wpcf7-email wpcf7-validates-as-required wpcf7-text wpcf7-validates-as-email\" aria-required=\"true\" aria-invalid=\"false\" value=\"E-mail*\" type=\"email\" name=\"email\" \/><\/span>\n\t\t\t<\/p>\n\t\t<\/div>\n\t<\/div>\n\t<div class=\"form-message\">\n\t\t<p><span class=\"wpcf7-form-control-wrap\" data-name=\"your-message\"><textarea cols=\"40\" rows=\"10\" maxlength=\"2000\" class=\"wpcf7-form-control wpcf7-textarea wpcf7-validates-as-required\" aria-required=\"true\" aria-invalid=\"false\" name=\"your-message\">Message*<\/textarea><\/span>\n\t\t<\/p>\n\t<\/div>\n\t<div class=\"form-terms\">\n\t\t<p><span class=\"wpcf7-form-control-wrap\" data-name=\"acepta\"><span class=\"wpcf7-form-control wpcf7-acceptance\"><span class=\"wpcf7-list-item\"><label><input type=\"checkbox\" name=\"acepta\" value=\"1\" aria-invalid=\"false\" \/><span class=\"wpcf7-list-item-label\">J'ai lu et j'accepte la politique de confidentialit\u00e9 et de cookies.<\/span><\/label><\/span><\/span><\/span>\n\t\t<\/p>\n\t\t<p><input class=\"wpcf7-form-control wpcf7-submit has-spinner\" type=\"submit\" value=\"Envoyer\" \/>\n\t\t<\/p>\n\t<\/div>\n\t<style>.form-contact {\n margin: 0 auto; \/* Centrar el formulari *\/\n font-size: 18px !important; \/* Mida del text *\/\n color: #ccc; \/* Color del text *\/\n}\n\n.form-row {\n display: flex;\n justify-content: space-between; \/* Distribueix els elements uniformement *\/\n margin-bottom: 20px; \/* Espai entre files *\/\n}\n\n.item-1-3 {\n width: 30%; \/* Cada camp ocupa el 48% de l'amplada per deixar espai entre ells *\/\n}\n.item-2-3 {\n width: 65%; \/* Cada camp ocupa el 48% de l'amplada per deixar espai entre ells *\/\n}\n\ntextarea {\n color: #ccc;\n width: 100%;\n height: 100px; \/* Al\u00e7ada del camp del missatge *\/\n padding: 10px; \/* Espai intern *\/\n border: 0;\n border-bottom: 1px solid #ccc; \/* Vora subtil *\/\n font-size: 18px;\n resize: none; \/* Evita que l'usuari pugui redimensionar el camp *\/\n}\n\ninput[type= \"text\"],\ninput[type= \"email\"],\ninput[type= \"tel\"] {\n color: #ccc;\n width: 100%;\n padding: 10px; \/* Espai intern dins del camp *\/\n border:0;\n border-bottom: 1px solid #ccc; \/* Vora subtil *\/\n font-size: 18px;\n transition: all 0.3s ease; \/* Transici\u00f3 suau per al focus *\/\n}\ninput[type= \"text\"]:focus,\ninput[type= \"email\"]:focus,\ninput[type= \"tel\"]:focus,\ntextarea:focus {\n outline: none; \/* Elimina el contorn per defecte del navegador *\/\n border-bottom: 1px solid #3D4041; \/* Canvia el color de la vora inferior al seleccionar *\/\n color: #3D4041; \/* Canvia el color del text al seleccionar *\/\n}\n\ninput[type= \"checkbox\"] {\n appearance: none; \/* Elimina l'estil predeterminat del navegador *\/\n font-size: 18px;\n width: 16px; \/* Amplada de la casella *\/\n height: 16px; \/* Al\u00e7ada de la casella *\/\n border: 1px solid #93D500; \/* Borde del color desitjat *\/\n border-radius: 4px; \/* Cantonades arrodonides (opcional) *\/\n background-color: transparent; \/* Fons transparent *\/\n cursor: pointer; \/* Canvia el cursor a \"m\u00e0\" *\/\n position: relative;\n}\ninput[type= \"checkbox\"]:checked {\n border-color: #93D500; \/* Mantenim el borde del mateix color *\/\n}\n\ninput[type= \"checkbox\"]:checked::after {\n content: \"\";\n position: absolute;\n top: 3px; \/* Ajusta la posici\u00f3 vertical del check *\/\n left: 5px; \/* Ajusta la posici\u00f3 horitzontal del check *\/\n width: 4px;\n height: 8px;\n border: solid #93D500; \/* Marca del check amb el color esmentat *\/\n border-width: 0 2px 2px 0;\n transform: rotate(45deg); \/* Crea la forma del check *\/\n}\n\n\n.form-terms {\n display: flex;\n align-items: top;\n margin-top: 20px;\n font-size: 18px;\n justify-content: space-between; \/* Alinea els elements als extrems *\/\n}\n\ninput[type= \"submit\"] {\n color: #3D4041;\n padding: 0px 30px;\n font-family: \"Source Sans Pro\", sans-serif !important;\n font-size: 18px;\n background-color: #fff; \/* Fons blanc *\/\n border: 0;\n border: 1px solid #ccc; \/* Vora subtil *\/\n cursor: pointer; \/* Cursor en forma de m\u00e0 *\/\n transition: all 0.3s ease; \/* Transici\u00f3 per als efectes hover *\/\n}\n\ninput[type= \"submit\"]:hover {\n background-color: #93D500; \/* Canvia el fons al passar per sobre *\/\n color: #fff;\n}\n\n\n.wpcf7-not-valid-tip{\n font-size: 16px !important;\n}\n\n::selection {\n background-color: #f0f0f0; \/* Fons gris suau *\/\n color: #333; \/* Color del text (opcional, es pot deixar predeterminat) *\/\n}\n\n::-moz-selection {\n background-color: #f0f0f0; \/* Compatibilitat amb Firefox *\/\n color: #333; \/* Color del text (opcional) *\/\n}\n\n.wpcf7-submit{\n width: 100%;\n}\n\t<\/style>\n\t<p><script>document.addEventListener('DOMContentLoaded', function () {\n const inputs = document.querySelectorAll('input[type= \"text\"], input[type= \"email\"], input[type= \"tel\"], textarea');\n\n inputs.forEach(input => {\n input.addEventListener('click', function () {\n this.select(); \/\/ Selecciona autom\u00e0ticament tot el contingut\n });\n });\n});\n<\/script>\n\t<\/p>\n<\/div><div class=\"wpcf7-response-output\" aria-hidden=\"true\"><\/div>\n<\/form>\n<\/div>\n<\/div>\n\t\t\t\t\t\t<\/div>\n\t\t\t\t<\/div>\n\t\t\t\t<\/div>\n\t\t<div class=\"elementor-element elementor-element-d13266d e-con-full e-flex e-con e-child\" data-id=\"d13266d\" data-element_type=\"container\">\n\t\t<div class=\"elementor-element elementor-element-526c0e7 e-con-full e-flex e-con e-child\" data-id=\"526c0e7\" data-element_type=\"container\">\n\t\t<div class=\"elementor-element elementor-element-ea98aff e-con-full e-flex e-con e-child\" data-id=\"ea98aff\" data-element_type=\"container\" data-settings=\"{&quot;background_background&quot;:&quot;classic&quot;}\">\n\t\t\t\t<div class=\"elementor-element elementor-element-8528781 elementor-widget elementor-widget-text-editor\" data-id=\"8528781\" data-element_type=\"widget\" data-widget_type=\"text-editor.default\">\n\t\t\t\t<div class=\"elementor-widget-container\">\n\t\t\t\t\t\t\t\t\t<p><strong>Adresse<\/strong><\/p>\t\t\t\t\t\t\t\t<\/div>\n\t\t\t\t<\/div>\n\t\t\t\t<div class=\"elementor-element elementor-element-d18e7e3 elementor-widget elementor-widget-text-editor\" data-id=\"d18e7e3\" data-element_type=\"widget\" data-widget_type=\"text-editor.default\">\n\t\t\t\t<div class=\"elementor-widget-container\">\n\t\t\t\t\t\t\t\t\t<p>Carrer Balmes, 150, 5\u00e8 \u2013 08008, Barcelona<\/p>\t\t\t\t\t\t\t\t<\/div>\n\t\t\t\t<\/div>\n\t\t\t\t<\/div>\n\t\t<div class=\"elementor-element elementor-element-39bce23 e-con-full e-flex e-con e-child\" data-id=\"39bce23\" data-element_type=\"container\" data-settings=\"{&quot;background_background&quot;:&quot;classic&quot;}\">\n\t\t\t\t<div class=\"elementor-element elementor-element-6ccd0ac elementor-widget elementor-widget-text-editor\" data-id=\"6ccd0ac\" data-element_type=\"widget\" data-widget_type=\"text-editor.default\">\n\t\t\t\t<div class=\"elementor-widget-container\">\n\t\t\t\t\t\t\t\t\t<p><strong>E-mail<\/strong> <\/p>\t\t\t\t\t\t\t\t<\/div>\n\t\t\t\t<\/div>\n\t\t\t\t<div class=\"elementor-element elementor-element-413c722 elementor-widget elementor-widget-text-editor\" data-id=\"413c722\" data-element_type=\"widget\" data-widget_type=\"text-editor.default\">\n\t\t\t\t<div class=\"elementor-widget-container\">\n\t\t\t\t\t\t\t\t\t<p>info@adwdata.eu<\/p>\t\t\t\t\t\t\t\t<\/div>\n\t\t\t\t<\/div>\n\t\t\t\t<\/div>\n\t\t<div class=\"elementor-element elementor-element-a839863 e-con-full e-flex e-con e-child\" data-id=\"a839863\" data-element_type=\"container\" data-settings=\"{&quot;background_background&quot;:&quot;classic&quot;}\">\n\t\t\t\t<div class=\"elementor-element elementor-element-d4ab551 elementor-widget elementor-widget-text-editor\" data-id=\"d4ab551\" data-element_type=\"widget\" data-widget_type=\"text-editor.default\">\n\t\t\t\t<div class=\"elementor-widget-container\">\n\t\t\t\t\t\t\t\t\t<p><strong>T\u00e9l\u00e9phone \/ Fax<\/strong><\/p>\t\t\t\t\t\t\t\t<\/div>\n\t\t\t\t<\/div>\n\t\t\t\t<div class=\"elementor-element elementor-element-b922018 elementor-widget elementor-widget-text-editor\" data-id=\"b922018\" data-element_type=\"widget\" data-widget_type=\"text-editor.default\">\n\t\t\t\t<div class=\"elementor-widget-container\">\n\t\t\t\t\t\t\t\t\t<p>+34 934 875 200 \/ +34 934 870 376<\/p>\t\t\t\t\t\t\t\t<\/div>\n\t\t\t\t<\/div>\n\t\t\t\t<\/div>\n\t\t\t\t<\/div>\n\t\t\t\t<\/div>\n\t\t\t\t\t<\/div>\n\t\t\t\t<\/div>\n\t\t<div class=\"elementor-element elementor-element-102037c e-con-full e-flex e-con e-parent\" data-id=\"102037c\" data-element_type=\"container\">\n\t\t\t\t<div class=\"elementor-element elementor-element-614ba27 elementor-widget elementor-widget-google_maps\" data-id=\"614ba27\" data-element_type=\"widget\" data-widget_type=\"google_maps.default\">\n\t\t\t\t<div class=\"elementor-widget-container\">\n\t\t\t\t\t\t\t<div class=\"elementor-custom-embed\">\n\t\t\t<iframe loading=\"lazy\"\n\t\t\t\t\tsrc=\"https:\/\/www.google.com\/maps\/embed\/v1\/place?key=AIzaSyCFFhs8svxb-lxYu3BozDXQS65kzNR1zc8&#038;q=Calle%C2%A0%20Balmes%20150%2C%205%C2%BA-%2008008%2C%20Barcelona&#038;zoom=14\"\n\t\t\t\t\ttitle=\"Calle\u00a0 Balmes 150, 5\u00ba- 08008, Barcelona\"\n\t\t\t\t\taria-label=\"Calle\u00a0 Balmes 150, 5\u00ba- 08008, Barcelona\"\n\t\t\t><\/iframe>\n\t\t<\/div>\n\t\t\t\t\t\t<\/div>\n\t\t\t\t<\/div>\n\t\t\t\t<\/div>\n\t\t\t\t<\/div>\n\t\t","protected":false},"excerpt":{"rendered":"<p>Nous sommes l\u00e0 pour vous aider Contactez-nous Vous avez des questions, besoin de conseils ou souhaitez parler de l\u2019int\u00e9gration de cette plateforme \u00e0 votre entreprise ? Parlons-en. Adresse Carrer Balmes, 150, 5\u00e8 \u2013 08008, Barcelona E-mail info@adwdata.eu T\u00e9l\u00e9phone \/ Fax +34 934 875 200 \/ +34 934 870 376<\/p>\n","protected":false},"author":2,"featured_media":0,"parent":0,"menu_order":0,"comment_status":"closed","ping_status":"closed","template":"","meta":{"footnotes":""},"class_list":["post-1174","page","type-page","status-publish","hentry"],"yoast_head":"<!-- This site is optimized with the Yoast SEO plugin v25.2 - https:\/\/yoast.com\/wordpress\/plugins\/seo\/ -->\n<title>Contact - adwdata.eu<\/title>\n<meta name=\"robots\" content=\"index, follow, max-snippet:-1, max-image-preview:large, max-video-preview:-1\" \/>\n<link rel=\"canonical\" href=\"https:\/\/adwdata.eu\/fr\/contact\/\" \/>\n<meta property=\"og:locale\" content=\"fr_FR\" \/>\n<meta property=\"og:type\" content=\"article\" \/>\n<meta property=\"og:title\" content=\"Contact - adwdata.eu\" \/>\n<meta property=\"og:description\" content=\"Nous sommes l\u00e0 pour vous aider Contactez-nous Vous avez des questions, besoin de conseils ou souhaitez parler de l\u2019int\u00e9gration de cette plateforme \u00e0 votre entreprise ? Parlons-en. Adresse Carrer Balmes, 150, 5\u00e8 \u2013 08008, Barcelona E-mail info@adwdata.eu T\u00e9l\u00e9phone \/ Fax +34 934 875 200 \/ +34 934 870 376\" \/>\n<meta property=\"og:url\" content=\"https:\/\/adwdata.eu\/fr\/contact\/\" \/>\n<meta property=\"og:site_name\" content=\"adwdata.eu\" \/>\n<meta property=\"article:modified_time\" content=\"2025-05-28T13:49:40+00:00\" \/>\n<meta name=\"twitter:card\" content=\"summary_large_image\" \/>\n<script type=\"application\/ld+json\" class=\"yoast-schema-graph\">{\"@context\":\"https:\/\/schema.org\",\"@graph\":[{\"@type\":\"WebPage\",\"@id\":\"https:\/\/adwdata.eu\/fr\/contact\/\",\"url\":\"https:\/\/adwdata.eu\/fr\/contact\/\",\"name\":\"Contact - adwdata.eu\",\"isPartOf\":{\"@id\":\"https:\/\/adwdata.eu\/fr\/#website\"},\"datePublished\":\"2024-11-18T11:20:01+00:00\",\"dateModified\":\"2025-05-28T13:49:40+00:00\",\"breadcrumb\":{\"@id\":\"https:\/\/adwdata.eu\/fr\/contact\/#breadcrumb\"},\"inLanguage\":\"fr-FR\",\"potentialAction\":[{\"@type\":\"ReadAction\",\"target\":[\"https:\/\/adwdata.eu\/fr\/contact\/\"]}]},{\"@type\":\"BreadcrumbList\",\"@id\":\"https:\/\/adwdata.eu\/fr\/contact\/#breadcrumb\",\"itemListElement\":[{\"@type\":\"ListItem\",\"position\":1,\"name\":\"Portada\",\"item\":\"https:\/\/adwdata.eu\/fr\/\"},{\"@type\":\"ListItem\",\"position\":2,\"name\":\"Contact\"}]},{\"@type\":\"WebSite\",\"@id\":\"https:\/\/adwdata.eu\/fr\/#website\",\"url\":\"https:\/\/adwdata.eu\/fr\/\",\"name\":\"adwData\",\"description\":\"\",\"publisher\":{\"@id\":\"https:\/\/adwdata.eu\/fr\/#organization\"},\"potentialAction\":[{\"@type\":\"SearchAction\",\"target\":{\"@type\":\"EntryPoint\",\"urlTemplate\":\"https:\/\/adwdata.eu\/fr\/?s={search_term_string}\"},\"query-input\":{\"@type\":\"PropertyValueSpecification\",\"valueRequired\":true,\"valueName\":\"search_term_string\"}}],\"inLanguage\":\"fr-FR\"},{\"@type\":\"Organization\",\"@id\":\"https:\/\/adwdata.eu\/fr\/#organization\",\"name\":\"AdWill\",\"url\":\"https:\/\/adwdata.eu\/fr\/\",\"logo\":{\"@type\":\"ImageObject\",\"inLanguage\":\"fr-FR\",\"@id\":\"https:\/\/adwdata.eu\/fr\/#\/schema\/logo\/image\/\",\"url\":\"https:\/\/adwdata.eu\/wp-content\/uploads\/2024\/11\/logo-footer.png\",\"contentUrl\":\"https:\/\/adwdata.eu\/wp-content\/uploads\/2024\/11\/logo-footer.png\",\"width\":1964,\"height\":585,\"caption\":\"AdWill\"},\"image\":{\"@id\":\"https:\/\/adwdata.eu\/fr\/#\/schema\/logo\/image\/\"}}]}<\/script>\n<!-- \/ Yoast SEO plugin. -->","yoast_head_json":{"title":"Contact - adwdata.eu","robots":{"index":"index","follow":"follow","max-snippet":"max-snippet:-1","max-image-preview":"max-image-preview:large","max-video-preview":"max-video-preview:-1"},"canonical":"https:\/\/adwdata.eu\/fr\/contact\/","og_locale":"fr_FR","og_type":"article","og_title":"Contact - adwdata.eu","og_description":"Nous sommes l\u00e0 pour vous aider Contactez-nous Vous avez des questions, besoin de conseils ou souhaitez parler de l\u2019int\u00e9gration de cette plateforme \u00e0 votre entreprise ? Parlons-en. Adresse Carrer Balmes, 150, 5\u00e8 \u2013 08008, Barcelona E-mail info@adwdata.eu T\u00e9l\u00e9phone \/ Fax +34 934 875 200 \/ +34 934 870 376","og_url":"https:\/\/adwdata.eu\/fr\/contact\/","og_site_name":"adwdata.eu","article_modified_time":"2025-05-28T13:49:40+00:00","twitter_card":"summary_large_image","schema":{"@context":"https:\/\/schema.org","@graph":[{"@type":"WebPage","@id":"https:\/\/adwdata.eu\/fr\/contact\/","url":"https:\/\/adwdata.eu\/fr\/contact\/","name":"Contact - adwdata.eu","isPartOf":{"@id":"https:\/\/adwdata.eu\/fr\/#website"},"datePublished":"2024-11-18T11:20:01+00:00","dateModified":"2025-05-28T13:49:40+00:00","breadcrumb":{"@id":"https:\/\/adwdata.eu\/fr\/contact\/#breadcrumb"},"inLanguage":"fr-FR","potentialAction":[{"@type":"ReadAction","target":["https:\/\/adwdata.eu\/fr\/contact\/"]}]},{"@type":"BreadcrumbList","@id":"https:\/\/adwdata.eu\/fr\/contact\/#breadcrumb","itemListElement":[{"@type":"ListItem","position":1,"name":"Portada","item":"https:\/\/adwdata.eu\/fr\/"},{"@type":"ListItem","position":2,"name":"Contact"}]},{"@type":"WebSite","@id":"https:\/\/adwdata.eu\/fr\/#website","url":"https:\/\/adwdata.eu\/fr\/","name":"adwData","description":"","publisher":{"@id":"https:\/\/adwdata.eu\/fr\/#organization"},"potentialAction":[{"@type":"SearchAction","target":{"@type":"EntryPoint","urlTemplate":"https:\/\/adwdata.eu\/fr\/?s={search_term_string}"},"query-input":{"@type":"PropertyValueSpecification","valueRequired":true,"valueName":"search_term_string"}}],"inLanguage":"fr-FR"},{"@type":"Organization","@id":"https:\/\/adwdata.eu\/fr\/#organization","name":"AdWill","url":"https:\/\/adwdata.eu\/fr\/","logo":{"@type":"ImageObject","inLanguage":"fr-FR","@id":"https:\/\/adwdata.eu\/fr\/#\/schema\/logo\/image\/","url":"https:\/\/adwdata.eu\/wp-content\/uploads\/2024\/11\/logo-footer.png","contentUrl":"https:\/\/adwdata.eu\/wp-content\/uploads\/2024\/11\/logo-footer.png","width":1964,"height":585,"caption":"AdWill"},"image":{"@id":"https:\/\/adwdata.eu\/fr\/#\/schema\/logo\/image\/"}}]}},"_links":{"self":[{"href":"https:\/\/adwdata.eu\/fr\/wp-json\/wp\/v2\/pages\/1174","targetHints":{"allow":["GET"]}}],"collection":[{"href":"https:\/\/adwdata.eu\/fr\/wp-json\/wp\/v2\/pages"}],"about":[{"href":"https:\/\/adwdata.eu\/fr\/wp-json\/wp\/v2\/types\/page"}],"author":[{"embeddable":true,"href":"https:\/\/adwdata.eu\/fr\/wp-json\/wp\/v2\/users\/2"}],"replies":[{"embeddable":true,"href":"https:\/\/adwdata.eu\/fr\/wp-json\/wp\/v2\/comments?post=1174"}],"version-history":[{"count":2,"href":"https:\/\/adwdata.eu\/fr\/wp-json\/wp\/v2\/pages\/1174\/revisions"}],"predecessor-version":[{"id":1177,"href":"https:\/\/adwdata.eu\/fr\/wp-json\/wp\/v2\/pages\/1174\/revisions\/1177"}],"wp:attachment":[{"href":"https:\/\/adwdata.eu\/fr\/wp-json\/wp\/v2\/media?parent=1174"}],"curies":[{"name":"wp","href":"https:\/\/api.w.org\/{rel}","templated":true}]}}