{"id":1342,"date":"2025-03-18T12:24:49","date_gmt":"2025-03-18T11:24:49","guid":{"rendered":"https:\/\/adwdata.eu\/politique-de-confidentialite\/"},"modified":"2025-06-11T13:04:30","modified_gmt":"2025-06-11T11:04:30","slug":"politique-de-confidentialite","status":"publish","type":"page","link":"https:\/\/adwdata.eu\/fr\/politique-de-confidentialite\/","title":{"rendered":"Politique de confidentialit\u00e9"},"content":{"rendered":"\t\t<div data-elementor-type=\"wp-page\" data-elementor-id=\"1342\" class=\"elementor elementor-1342 elementor-686\" data-elementor-post-type=\"page\">\n\t\t\t\t<div class=\"elementor-element elementor-element-653ac1b e-flex e-con-boxed e-con e-parent\" data-id=\"653ac1b\" data-element_type=\"container\">\n\t\t\t\t\t<div class=\"e-con-inner\">\n\t\t\t\t<div class=\"elementor-element elementor-element-8b8ede4 elementor-widget elementor-widget-heading\" data-id=\"8b8ede4\" data-element_type=\"widget\" data-widget_type=\"heading.default\">\n\t\t\t\t<div class=\"elementor-widget-container\">\n\t\t\t\t\t<h1 class=\"elementor-heading-title elementor-size-default\">POLITIQUE DE CONFIDENTIALIT\u00c9<\/h1>\t\t\t\t<\/div>\n\t\t\t\t<\/div>\n\t\t\t\t<div class=\"elementor-element elementor-element-09a32cc elementor-widget elementor-widget-text-editor\" data-id=\"09a32cc\" data-element_type=\"widget\" data-widget_type=\"text-editor.default\">\n\t\t\t\t<div class=\"elementor-widget-container\">\n\t\t\t\t\t\t\t\t\t<p>NFORMATION SUR LE TRAITEMENT DES DONN\u00c9ES PERSONNELLES<\/p><p>Responsable du traitement : Addwill Partners, S.L.P. (\u00ab Addwill \u00bb).<br>Finalit\u00e9s : g\u00e9rer vos donn\u00e9es afin de r\u00e9pondre \u00e0 votre demande.<br>L\u00e9gitimit\u00e9 : Consentement de l&rsquo;utilisateur.<br>Destinataires : Tiers auxquels Addwill est contractuellement ou l\u00e9galement oblig\u00e9 de fournir les donn\u00e9es, ainsi que les soci\u00e9t\u00e9s du m\u00eame groupe dans le cas o\u00f9 cela est n\u00e9cessaire pour r\u00e9pondre \u00e0 votre demande.<br>Droits : Acc\u00e8s, rectification et suppression des donn\u00e9es, ainsi que d&rsquo;autres droits, comme expliqu\u00e9 dans les informations compl\u00e9mentaires.<\/p>\t\t\t\t\t\t\t\t<\/div>\n\t\t\t\t<\/div>\n\t\t\t\t\t<\/div>\n\t\t\t\t<\/div>\n\t\t\t\t<\/div>\n\t\t","protected":false},"excerpt":{"rendered":"<p>POLITIQUE DE CONFIDENTIALIT\u00c9 NFORMATION SUR LE TRAITEMENT DES DONN\u00c9ES PERSONNELLES Responsable du traitement : Addwill Partners, S.L.P. (\u00ab Addwill \u00bb).Finalit\u00e9s : g\u00e9rer vos donn\u00e9es afin de r\u00e9pondre \u00e0 votre demande.L\u00e9gitimit\u00e9 : Consentement de l&rsquo;utilisateur.Destinataires : Tiers auxquels Addwill est contractuellement ou l\u00e9galement oblig\u00e9 de fournir les donn\u00e9es, ainsi que les soci\u00e9t\u00e9s du m\u00eame groupe dans [&hellip;]<\/p>\n","protected":false},"author":4,"featured_media":0,"parent":0,"menu_order":0,"comment_status":"closed","ping_status":"closed","template":"","meta":{"footnotes":""},"class_list":["post-1342","page","type-page","status-publish","hentry"],"yoast_head":"<!-- This site is optimized with the Yoast SEO plugin v25.2 - https:\/\/yoast.com\/wordpress\/plugins\/seo\/ -->\n<title>Politique de confidentialit\u00e9 - adwdata.eu<\/title>\n<meta name=\"robots\" content=\"index, follow, max-snippet:-1, max-image-preview:large, max-video-preview:-1\" \/>\n<link rel=\"canonical\" href=\"https:\/\/adwdata.eu\/fr\/politique-de-confidentialite\/\" \/>\n<meta property=\"og:locale\" content=\"fr_FR\" \/>\n<meta property=\"og:type\" content=\"article\" \/>\n<meta property=\"og:title\" content=\"Politique de confidentialit\u00e9 - adwdata.eu\" \/>\n<meta property=\"og:description\" content=\"POLITIQUE DE CONFIDENTIALIT\u00c9 NFORMATION SUR LE TRAITEMENT DES DONN\u00c9ES PERSONNELLES Responsable du traitement : Addwill Partners, S.L.P. (\u00ab Addwill \u00bb).Finalit\u00e9s : g\u00e9rer vos donn\u00e9es afin de r\u00e9pondre \u00e0 votre demande.L\u00e9gitimit\u00e9 : Consentement de l&rsquo;utilisateur.Destinataires : Tiers auxquels Addwill est contractuellement ou l\u00e9galement oblig\u00e9 de fournir les donn\u00e9es, ainsi que les soci\u00e9t\u00e9s du m\u00eame groupe dans [&hellip;]\" \/>\n<meta property=\"og:url\" content=\"https:\/\/adwdata.eu\/fr\/politique-de-confidentialite\/\" \/>\n<meta property=\"og:site_name\" content=\"adwdata.eu\" \/>\n<meta property=\"article:modified_time\" content=\"2025-06-11T11:04:30+00:00\" \/>\n<meta name=\"twitter:card\" content=\"summary_large_image\" \/>\n<script type=\"application\/ld+json\" class=\"yoast-schema-graph\">{\"@context\":\"https:\/\/schema.org\",\"@graph\":[{\"@type\":\"WebPage\",\"@id\":\"https:\/\/adwdata.eu\/fr\/politique-de-confidentialite\/\",\"url\":\"https:\/\/adwdata.eu\/fr\/politique-de-confidentialite\/\",\"name\":\"Politique de confidentialit\u00e9 - adwdata.eu\",\"isPartOf\":{\"@id\":\"https:\/\/adwdata.eu\/fr\/#website\"},\"datePublished\":\"2025-03-18T11:24:49+00:00\",\"dateModified\":\"2025-06-11T11:04:30+00:00\",\"breadcrumb\":{\"@id\":\"https:\/\/adwdata.eu\/fr\/politique-de-confidentialite\/#breadcrumb\"},\"inLanguage\":\"fr-FR\",\"potentialAction\":[{\"@type\":\"ReadAction\",\"target\":[\"https:\/\/adwdata.eu\/fr\/politique-de-confidentialite\/\"]}]},{\"@type\":\"BreadcrumbList\",\"@id\":\"https:\/\/adwdata.eu\/fr\/politique-de-confidentialite\/#breadcrumb\",\"itemListElement\":[{\"@type\":\"ListItem\",\"position\":1,\"name\":\"Portada\",\"item\":\"https:\/\/adwdata.eu\/fr\/\"},{\"@type\":\"ListItem\",\"position\":2,\"name\":\"Politique de confidentialit\u00e9\"}]},{\"@type\":\"WebSite\",\"@id\":\"https:\/\/adwdata.eu\/fr\/#website\",\"url\":\"https:\/\/adwdata.eu\/fr\/\",\"name\":\"adwData\",\"description\":\"\",\"publisher\":{\"@id\":\"https:\/\/adwdata.eu\/fr\/#organization\"},\"potentialAction\":[{\"@type\":\"SearchAction\",\"target\":{\"@type\":\"EntryPoint\",\"urlTemplate\":\"https:\/\/adwdata.eu\/fr\/?s={search_term_string}\"},\"query-input\":{\"@type\":\"PropertyValueSpecification\",\"valueRequired\":true,\"valueName\":\"search_term_string\"}}],\"inLanguage\":\"fr-FR\"},{\"@type\":\"Organization\",\"@id\":\"https:\/\/adwdata.eu\/fr\/#organization\",\"name\":\"AdWill\",\"url\":\"https:\/\/adwdata.eu\/fr\/\",\"logo\":{\"@type\":\"ImageObject\",\"inLanguage\":\"fr-FR\",\"@id\":\"https:\/\/adwdata.eu\/fr\/#\/schema\/logo\/image\/\",\"url\":\"https:\/\/adwdata.eu\/wp-content\/uploads\/2024\/11\/logo-footer.png\",\"contentUrl\":\"https:\/\/adwdata.eu\/wp-content\/uploads\/2024\/11\/logo-footer.png\",\"width\":1964,\"height\":585,\"caption\":\"AdWill\"},\"image\":{\"@id\":\"https:\/\/adwdata.eu\/fr\/#\/schema\/logo\/image\/\"}}]}<\/script>\n<!-- \/ Yoast SEO plugin. -->","yoast_head_json":{"title":"Politique de confidentialit\u00e9 - adwdata.eu","robots":{"index":"index","follow":"follow","max-snippet":"max-snippet:-1","max-image-preview":"max-image-preview:large","max-video-preview":"max-video-preview:-1"},"canonical":"https:\/\/adwdata.eu\/fr\/politique-de-confidentialite\/","og_locale":"fr_FR","og_type":"article","og_title":"Politique de confidentialit\u00e9 - adwdata.eu","og_description":"POLITIQUE DE CONFIDENTIALIT\u00c9 NFORMATION SUR LE TRAITEMENT DES DONN\u00c9ES PERSONNELLES Responsable du traitement : Addwill Partners, S.L.P. (\u00ab Addwill \u00bb).Finalit\u00e9s : g\u00e9rer vos donn\u00e9es afin de r\u00e9pondre \u00e0 votre demande.L\u00e9gitimit\u00e9 : Consentement de l&rsquo;utilisateur.Destinataires : Tiers auxquels Addwill est contractuellement ou l\u00e9galement oblig\u00e9 de fournir les donn\u00e9es, ainsi que les soci\u00e9t\u00e9s du m\u00eame groupe dans [&hellip;]","og_url":"https:\/\/adwdata.eu\/fr\/politique-de-confidentialite\/","og_site_name":"adwdata.eu","article_modified_time":"2025-06-11T11:04:30+00:00","twitter_card":"summary_large_image","schema":{"@context":"https:\/\/schema.org","@graph":[{"@type":"WebPage","@id":"https:\/\/adwdata.eu\/fr\/politique-de-confidentialite\/","url":"https:\/\/adwdata.eu\/fr\/politique-de-confidentialite\/","name":"Politique de confidentialit\u00e9 - adwdata.eu","isPartOf":{"@id":"https:\/\/adwdata.eu\/fr\/#website"},"datePublished":"2025-03-18T11:24:49+00:00","dateModified":"2025-06-11T11:04:30+00:00","breadcrumb":{"@id":"https:\/\/adwdata.eu\/fr\/politique-de-confidentialite\/#breadcrumb"},"inLanguage":"fr-FR","potentialAction":[{"@type":"ReadAction","target":["https:\/\/adwdata.eu\/fr\/politique-de-confidentialite\/"]}]},{"@type":"BreadcrumbList","@id":"https:\/\/adwdata.eu\/fr\/politique-de-confidentialite\/#breadcrumb","itemListElement":[{"@type":"ListItem","position":1,"name":"Portada","item":"https:\/\/adwdata.eu\/fr\/"},{"@type":"ListItem","position":2,"name":"Politique de confidentialit\u00e9"}]},{"@type":"WebSite","@id":"https:\/\/adwdata.eu\/fr\/#website","url":"https:\/\/adwdata.eu\/fr\/","name":"adwData","description":"","publisher":{"@id":"https:\/\/adwdata.eu\/fr\/#organization"},"potentialAction":[{"@type":"SearchAction","target":{"@type":"EntryPoint","urlTemplate":"https:\/\/adwdata.eu\/fr\/?s={search_term_string}"},"query-input":{"@type":"PropertyValueSpecification","valueRequired":true,"valueName":"search_term_string"}}],"inLanguage":"fr-FR"},{"@type":"Organization","@id":"https:\/\/adwdata.eu\/fr\/#organization","name":"AdWill","url":"https:\/\/adwdata.eu\/fr\/","logo":{"@type":"ImageObject","inLanguage":"fr-FR","@id":"https:\/\/adwdata.eu\/fr\/#\/schema\/logo\/image\/","url":"https:\/\/adwdata.eu\/wp-content\/uploads\/2024\/11\/logo-footer.png","contentUrl":"https:\/\/adwdata.eu\/wp-content\/uploads\/2024\/11\/logo-footer.png","width":1964,"height":585,"caption":"AdWill"},"image":{"@id":"https:\/\/adwdata.eu\/fr\/#\/schema\/logo\/image\/"}}]}},"_links":{"self":[{"href":"https:\/\/adwdata.eu\/fr\/wp-json\/wp\/v2\/pages\/1342","targetHints":{"allow":["GET"]}}],"collection":[{"href":"https:\/\/adwdata.eu\/fr\/wp-json\/wp\/v2\/pages"}],"about":[{"href":"https:\/\/adwdata.eu\/fr\/wp-json\/wp\/v2\/types\/page"}],"author":[{"embeddable":true,"href":"https:\/\/adwdata.eu\/fr\/wp-json\/wp\/v2\/users\/4"}],"replies":[{"embeddable":true,"href":"https:\/\/adwdata.eu\/fr\/wp-json\/wp\/v2\/comments?post=1342"}],"version-history":[{"count":1,"href":"https:\/\/adwdata.eu\/fr\/wp-json\/wp\/v2\/pages\/1342\/revisions"}],"predecessor-version":[{"id":1343,"href":"https:\/\/adwdata.eu\/fr\/wp-json\/wp\/v2\/pages\/1342\/revisions\/1343"}],"wp:attachment":[{"href":"https:\/\/adwdata.eu\/fr\/wp-json\/wp\/v2\/media?parent=1342"}],"curies":[{"name":"wp","href":"https:\/\/api.w.org\/{rel}","templated":true}]}}