{"id":1346,"date":"2025-03-18T12:24:49","date_gmt":"2025-03-18T11:24:49","guid":{"rendered":"https:\/\/adwdata.eu\/informativa-sulla-privacy\/"},"modified":"2025-06-11T13:05:08","modified_gmt":"2025-06-11T11:05:08","slug":"informativa-sulla-privacy","status":"publish","type":"page","link":"https:\/\/adwdata.eu\/it\/informativa-sulla-privacy\/","title":{"rendered":"Informativa sulla privacy"},"content":{"rendered":"\t\t<div data-elementor-type=\"wp-page\" data-elementor-id=\"1346\" class=\"elementor elementor-1346 elementor-686\" data-elementor-post-type=\"page\">\n\t\t\t\t<div class=\"elementor-element elementor-element-653ac1b e-flex e-con-boxed e-con e-parent\" data-id=\"653ac1b\" data-element_type=\"container\">\n\t\t\t\t\t<div class=\"e-con-inner\">\n\t\t\t\t<div class=\"elementor-element elementor-element-8b8ede4 elementor-widget elementor-widget-heading\" data-id=\"8b8ede4\" data-element_type=\"widget\" data-widget_type=\"heading.default\">\n\t\t\t\t<div class=\"elementor-widget-container\">\n\t\t\t\t\t<h1 class=\"elementor-heading-title elementor-size-default\">INFORMATIVA SULLA PRIVACY<\/h1>\t\t\t\t<\/div>\n\t\t\t\t<\/div>\n\t\t\t\t<div class=\"elementor-element elementor-element-09a32cc elementor-widget elementor-widget-text-editor\" data-id=\"09a32cc\" data-element_type=\"widget\" data-widget_type=\"text-editor.default\">\n\t\t\t\t<div class=\"elementor-widget-container\">\n\t\t\t\t\t\t\t\t\t<p>NFORMAZIONI SUL TRATTAMENTO DEI DATI PERSONALI<\/p><p>Titolare del trattamento: Addwill Partners, S.L.P. (&#8220;Addwill&#8221;).<br>Finalit\u00e0: gestire i dati dell&#8217;utente per rispondere alle sue richieste.<br>Legittimazione: Consenso dell&#8217;utente stesso.<br>Destinatari: Terzi a cui Addwill \u00e8 obbligata per contratto o per legge a fornirli, nonch\u00e9 societ\u00e0 dello stesso gruppo nel caso in cui sia necessario per risolvere la richiesta dell&#8217;utente.<br>Diritti: Accesso, rettifica e cancellazione dei dati, nonch\u00e9 altri diritti, come spiegato nelle informazioni aggiuntive.<\/p>\t\t\t\t\t\t\t\t<\/div>\n\t\t\t\t<\/div>\n\t\t\t\t\t<\/div>\n\t\t\t\t<\/div>\n\t\t\t\t<\/div>\n\t\t","protected":false},"excerpt":{"rendered":"<p>INFORMATIVA SULLA PRIVACY NFORMAZIONI SUL TRATTAMENTO DEI DATI PERSONALI Titolare del trattamento: Addwill Partners, S.L.P. (&#8220;Addwill&#8221;).Finalit\u00e0: gestire i dati dell&#8217;utente per rispondere alle sue richieste.Legittimazione: Consenso dell&#8217;utente stesso.Destinatari: Terzi a cui Addwill \u00e8 obbligata per contratto o per legge a fornirli, nonch\u00e9 societ\u00e0 dello stesso gruppo nel caso in cui sia necessario per risolvere la [&hellip;]<\/p>\n","protected":false},"author":4,"featured_media":0,"parent":0,"menu_order":0,"comment_status":"closed","ping_status":"closed","template":"","meta":{"footnotes":""},"class_list":["post-1346","page","type-page","status-publish","hentry"],"yoast_head":"<!-- This site is optimized with the Yoast SEO plugin v25.2 - https:\/\/yoast.com\/wordpress\/plugins\/seo\/ -->\n<title>Informativa sulla privacy - adwdata.eu<\/title>\n<meta name=\"robots\" content=\"index, follow, max-snippet:-1, max-image-preview:large, max-video-preview:-1\" \/>\n<link rel=\"canonical\" href=\"https:\/\/adwdata.eu\/it\/informativa-sulla-privacy\/\" \/>\n<meta property=\"og:locale\" content=\"it_IT\" \/>\n<meta property=\"og:type\" content=\"article\" \/>\n<meta property=\"og:title\" content=\"Informativa sulla privacy - adwdata.eu\" \/>\n<meta property=\"og:description\" content=\"INFORMATIVA SULLA PRIVACY NFORMAZIONI SUL TRATTAMENTO DEI DATI PERSONALI Titolare del trattamento: Addwill Partners, S.L.P. (&#8220;Addwill&#8221;).Finalit\u00e0: gestire i dati dell&#8217;utente per rispondere alle sue richieste.Legittimazione: Consenso dell&#8217;utente stesso.Destinatari: Terzi a cui Addwill \u00e8 obbligata per contratto o per legge a fornirli, nonch\u00e9 societ\u00e0 dello stesso gruppo nel caso in cui sia necessario per risolvere la [&hellip;]\" \/>\n<meta property=\"og:url\" content=\"https:\/\/adwdata.eu\/it\/informativa-sulla-privacy\/\" \/>\n<meta property=\"og:site_name\" content=\"adwdata.eu\" \/>\n<meta property=\"article:modified_time\" content=\"2025-06-11T11:05:08+00:00\" \/>\n<meta name=\"twitter:card\" content=\"summary_large_image\" \/>\n<script type=\"application\/ld+json\" class=\"yoast-schema-graph\">{\"@context\":\"https:\/\/schema.org\",\"@graph\":[{\"@type\":\"WebPage\",\"@id\":\"https:\/\/adwdata.eu\/it\/informativa-sulla-privacy\/\",\"url\":\"https:\/\/adwdata.eu\/it\/informativa-sulla-privacy\/\",\"name\":\"Informativa sulla privacy - adwdata.eu\",\"isPartOf\":{\"@id\":\"https:\/\/adwdata.eu\/it\/#website\"},\"datePublished\":\"2025-03-18T11:24:49+00:00\",\"dateModified\":\"2025-06-11T11:05:08+00:00\",\"breadcrumb\":{\"@id\":\"https:\/\/adwdata.eu\/it\/informativa-sulla-privacy\/#breadcrumb\"},\"inLanguage\":\"it-IT\",\"potentialAction\":[{\"@type\":\"ReadAction\",\"target\":[\"https:\/\/adwdata.eu\/it\/informativa-sulla-privacy\/\"]}]},{\"@type\":\"BreadcrumbList\",\"@id\":\"https:\/\/adwdata.eu\/it\/informativa-sulla-privacy\/#breadcrumb\",\"itemListElement\":[{\"@type\":\"ListItem\",\"position\":1,\"name\":\"Portada\",\"item\":\"https:\/\/adwdata.eu\/it\/\"},{\"@type\":\"ListItem\",\"position\":2,\"name\":\"Informativa sulla privacy\"}]},{\"@type\":\"WebSite\",\"@id\":\"https:\/\/adwdata.eu\/it\/#website\",\"url\":\"https:\/\/adwdata.eu\/it\/\",\"name\":\"adwData\",\"description\":\"\",\"publisher\":{\"@id\":\"https:\/\/adwdata.eu\/it\/#organization\"},\"potentialAction\":[{\"@type\":\"SearchAction\",\"target\":{\"@type\":\"EntryPoint\",\"urlTemplate\":\"https:\/\/adwdata.eu\/it\/?s={search_term_string}\"},\"query-input\":{\"@type\":\"PropertyValueSpecification\",\"valueRequired\":true,\"valueName\":\"search_term_string\"}}],\"inLanguage\":\"it-IT\"},{\"@type\":\"Organization\",\"@id\":\"https:\/\/adwdata.eu\/it\/#organization\",\"name\":\"AdWill\",\"url\":\"https:\/\/adwdata.eu\/it\/\",\"logo\":{\"@type\":\"ImageObject\",\"inLanguage\":\"it-IT\",\"@id\":\"https:\/\/adwdata.eu\/it\/#\/schema\/logo\/image\/\",\"url\":\"https:\/\/adwdata.eu\/wp-content\/uploads\/2024\/11\/logo-footer.png\",\"contentUrl\":\"https:\/\/adwdata.eu\/wp-content\/uploads\/2024\/11\/logo-footer.png\",\"width\":1964,\"height\":585,\"caption\":\"AdWill\"},\"image\":{\"@id\":\"https:\/\/adwdata.eu\/it\/#\/schema\/logo\/image\/\"}}]}<\/script>\n<!-- \/ Yoast SEO plugin. -->","yoast_head_json":{"title":"Informativa sulla privacy - adwdata.eu","robots":{"index":"index","follow":"follow","max-snippet":"max-snippet:-1","max-image-preview":"max-image-preview:large","max-video-preview":"max-video-preview:-1"},"canonical":"https:\/\/adwdata.eu\/it\/informativa-sulla-privacy\/","og_locale":"it_IT","og_type":"article","og_title":"Informativa sulla privacy - adwdata.eu","og_description":"INFORMATIVA SULLA PRIVACY NFORMAZIONI SUL TRATTAMENTO DEI DATI PERSONALI Titolare del trattamento: Addwill Partners, S.L.P. (&#8220;Addwill&#8221;).Finalit\u00e0: gestire i dati dell&#8217;utente per rispondere alle sue richieste.Legittimazione: Consenso dell&#8217;utente stesso.Destinatari: Terzi a cui Addwill \u00e8 obbligata per contratto o per legge a fornirli, nonch\u00e9 societ\u00e0 dello stesso gruppo nel caso in cui sia necessario per risolvere la [&hellip;]","og_url":"https:\/\/adwdata.eu\/it\/informativa-sulla-privacy\/","og_site_name":"adwdata.eu","article_modified_time":"2025-06-11T11:05:08+00:00","twitter_card":"summary_large_image","schema":{"@context":"https:\/\/schema.org","@graph":[{"@type":"WebPage","@id":"https:\/\/adwdata.eu\/it\/informativa-sulla-privacy\/","url":"https:\/\/adwdata.eu\/it\/informativa-sulla-privacy\/","name":"Informativa sulla privacy - adwdata.eu","isPartOf":{"@id":"https:\/\/adwdata.eu\/it\/#website"},"datePublished":"2025-03-18T11:24:49+00:00","dateModified":"2025-06-11T11:05:08+00:00","breadcrumb":{"@id":"https:\/\/adwdata.eu\/it\/informativa-sulla-privacy\/#breadcrumb"},"inLanguage":"it-IT","potentialAction":[{"@type":"ReadAction","target":["https:\/\/adwdata.eu\/it\/informativa-sulla-privacy\/"]}]},{"@type":"BreadcrumbList","@id":"https:\/\/adwdata.eu\/it\/informativa-sulla-privacy\/#breadcrumb","itemListElement":[{"@type":"ListItem","position":1,"name":"Portada","item":"https:\/\/adwdata.eu\/it\/"},{"@type":"ListItem","position":2,"name":"Informativa sulla privacy"}]},{"@type":"WebSite","@id":"https:\/\/adwdata.eu\/it\/#website","url":"https:\/\/adwdata.eu\/it\/","name":"adwData","description":"","publisher":{"@id":"https:\/\/adwdata.eu\/it\/#organization"},"potentialAction":[{"@type":"SearchAction","target":{"@type":"EntryPoint","urlTemplate":"https:\/\/adwdata.eu\/it\/?s={search_term_string}"},"query-input":{"@type":"PropertyValueSpecification","valueRequired":true,"valueName":"search_term_string"}}],"inLanguage":"it-IT"},{"@type":"Organization","@id":"https:\/\/adwdata.eu\/it\/#organization","name":"AdWill","url":"https:\/\/adwdata.eu\/it\/","logo":{"@type":"ImageObject","inLanguage":"it-IT","@id":"https:\/\/adwdata.eu\/it\/#\/schema\/logo\/image\/","url":"https:\/\/adwdata.eu\/wp-content\/uploads\/2024\/11\/logo-footer.png","contentUrl":"https:\/\/adwdata.eu\/wp-content\/uploads\/2024\/11\/logo-footer.png","width":1964,"height":585,"caption":"AdWill"},"image":{"@id":"https:\/\/adwdata.eu\/it\/#\/schema\/logo\/image\/"}}]}},"_links":{"self":[{"href":"https:\/\/adwdata.eu\/it\/wp-json\/wp\/v2\/pages\/1346","targetHints":{"allow":["GET"]}}],"collection":[{"href":"https:\/\/adwdata.eu\/it\/wp-json\/wp\/v2\/pages"}],"about":[{"href":"https:\/\/adwdata.eu\/it\/wp-json\/wp\/v2\/types\/page"}],"author":[{"embeddable":true,"href":"https:\/\/adwdata.eu\/it\/wp-json\/wp\/v2\/users\/4"}],"replies":[{"embeddable":true,"href":"https:\/\/adwdata.eu\/it\/wp-json\/wp\/v2\/comments?post=1346"}],"version-history":[{"count":1,"href":"https:\/\/adwdata.eu\/it\/wp-json\/wp\/v2\/pages\/1346\/revisions"}],"predecessor-version":[{"id":1347,"href":"https:\/\/adwdata.eu\/it\/wp-json\/wp\/v2\/pages\/1346\/revisions\/1347"}],"wp:attachment":[{"href":"https:\/\/adwdata.eu\/it\/wp-json\/wp\/v2\/media?parent=1346"}],"curies":[{"name":"wp","href":"https:\/\/api.w.org\/{rel}","templated":true}]}}